{"id":163,"date":"2024-04-11T04:24:02","date_gmt":"2024-04-11T04:24:02","guid":{"rendered":"https:\/\/www.sciford.org\/?page_id=163"},"modified":"2024-09-23T11:24:30","modified_gmt":"2024-09-23T11:24:30","slug":"formacion","status":"publish","type":"page","link":"https:\/\/www.sciford.org\/index.php\/formacion\/","title":{"rendered":"FORMACI\u00d3N"},"content":{"rendered":"\n<hr class=\"wp-block-separator has-alpha-channel-opacity is-style-wide\"\/>\n\n\n\n<h2 class=\"wp-block-heading has-text-align-center\"><strong>FORMACI\u00d3N<\/strong><\/h2>\n\n\n\n<hr class=\"wp-block-separator has-alpha-channel-opacity is-style-wide\"\/>\n\n\n\n<div class=\"wp-block-media-text is-stacked-on-mobile\" style=\"line-height:1.6;grid-template-columns:21% auto\"><figure class=\"wp-block-media-text__media\"><img loading=\"lazy\" decoding=\"async\" width=\"196\" height=\"187\" src=\"https:\/\/www.sciford.org\/wp-content\/uploads\/2024\/04\/cache_2671575-1.jpg\" alt=\"\" class=\"wp-image-164 size-full\"\/><\/figure><div class=\"wp-block-media-text__content\">\n<h2 class=\"wp-block-heading has-text-align-center\"><strong><a href=\"https:\/\/www.sciford.org\/index.php\/certificados-de-calidad\/\">Certificados de Calidad<\/a><\/strong><\/h2>\n\n\n\n<h2 class=\"wp-block-heading has-text-align-center\">Categor\u00edas A, B y C<\/h2>\n<\/div><\/div>\n\n\n\n<p style=\"line-height:1.8\">     En este apartado se explicitan los requerimientos b\u00e1sicos para otorgar,&nbsp;<strong>previa solicitud<\/strong>, el Certificado de Calidad en la categor\u00eda correspondiente.<\/p>\n\n\n\n<div class=\"wp-block-columns are-vertically-aligned-center is-layout-flex wp-container-core-columns-is-layout-28f84493 wp-block-columns-is-layout-flex\">\n<div class=\"wp-block-column is-vertically-aligned-center is-layout-flow wp-block-column-is-layout-flow\" style=\"flex-basis:100%\">\n<p class=\"has-text-align-center\">La categoria m\u00e1s alta es la <strong>A<\/strong>. Las inferiores son la <strong>B<\/strong> y la <strong>C<\/strong>.\n<\/p>\n<\/div>\n<\/div>\n\n\n\n<p style=\"line-height:1.8\">&nbsp; &nbsp; &nbsp;Una vez se solicite por la entidad\/persona el&nbsp;<strong>Certificado de Calidad<\/strong>&nbsp;y aporte la solicitud con la documentaci\u00f3n requerida, por parte del Comit\u00e9 Cient\u00edfico de SCIFORD, se valorar\u00e1 el otorgamiento del Sello de Calidad en la categor\u00eda correspondiente consistente en:<\/p>\n\n\n\n<ul class=\"wp-block-list\">\n<li style=\"line-height:1.8\"><em>Certificado  firmado y sellado con n\u00famero de registro.<\/em><\/li>\n\n\n\n<li style=\"line-height:1.8\"><em>Sello de Calidad para que la entidad\/persona certificada pueda hacer uso del mismo en cualquier documento para acreditar dicha certificaci\u00f3n frente a terceros. Este sello se entrega en formato .jpg con el color correspondiente a su categor\u00eda.<\/em><\/li>\n\n\n\n<li style=\"line-height:1.8\"><em>El sello de calidad y la Certificaci\u00f3n impresa lleva inserto un c\u00f3digo QR, para que pueda verificarse la autenticidad y validez de la Certificaci\u00f3n otorgada<\/em>.<\/li>\n<\/ul>\n\n\n\n<div data-wp-interactive=\"core\/file\" class=\"wp-block-file\"><object data-wp-bind--hidden=\"!state.hasPdfPreview\" hidden class=\"wp-block-file__embed\" data=\"https:\/\/www.sciford.org\/wp-content\/uploads\/2024\/04\/SOLICITUD-ACREDITACION-formacion.pdf\" type=\"application\/pdf\" style=\"width:100%;height:300px\" aria-label=\"Incrustado de SOLICITUD-ACREDITACION-formacion.\"><\/object><a id=\"wp-block-file--media-834134bc-da8f-47c5-98b0-9dbbdfd8471c\" href=\"https:\/\/www.sciford.org\/wp-content\/uploads\/2024\/04\/SOLICITUD-ACREDITACION-formacion.pdf\">SOLICITUD-ACREDITACION-formacion<\/a><a href=\"https:\/\/www.sciford.org\/wp-content\/uploads\/2024\/04\/SOLICITUD-ACREDITACION-formacion.pdf\" class=\"wp-block-file__button wp-element-button\" download aria-describedby=\"wp-block-file--media-834134bc-da8f-47c5-98b0-9dbbdfd8471c\">Descarga<\/a><\/div>\n\n\n\n<figure style=\"line-height:1.6\" class=\"wp-block-table has-medium-font-size\"><table><thead><tr><th class=\"has-text-align-center\" data-align=\"center\">CATEGORIAS<\/th><th class=\"has-text-align-left\" data-align=\"left\">CRITERIOS REQUERIDOS<\/th><\/tr><\/thead><tbody><tr><td class=\"has-text-align-center\" data-align=\"center\"><strong>CATEGORIA<br>A<\/strong><br><br><mark style=\"background-color:rgba(0, 0, 0, 0)\" class=\"has-inline-color has-primary-color\">Norma interna<br>SCF-1001<\/mark><\/td><td class=\"has-text-align-left\" data-align=\"left\"><strong>Se a\u00f1adir\u00e1n los criterios de las categor\u00edas B y C m\u00e1s los que afecten a esta Acreditaci\u00f3n:<br><\/strong>&#8211; Denominaci\u00f3n: Congresos y Cursos nacionales o internacionales (+1 d\u00eda)<br>&#8211; Tipo de formaci\u00f3n: Presencial \/ On line<br>&#8211; Entidades que auspician (partners)<br>&#8211; Comit\u00e9 organizador<\/td><\/tr><tr><td class=\"has-text-align-center\" data-align=\"center\"><strong>CATEGORIA<br>B<\/strong><br><br><mark style=\"background-color:rgba(0, 0, 0, 0)\" class=\"has-inline-color has-primary-color\">Norma interna<br>SCF-1002<\/mark><\/td><td class=\"has-text-align-left\" data-align=\"left\"><strong>Se a\u00f1adir\u00e1n los criterios de la categor\u00eda C m\u00e1s los que afecten a esta Acreditaci\u00f3n:<\/strong><br>&#8211; Denominaci\u00f3n: Jornadas<br>&#8211; Tipo de formaci\u00f3n: Presencial \/ On line<br>&#8211; Entrega de materiales (<em>en papel o soporte inform\u00e1tico<\/em>)<br>&#8211; Lugar de impartici\u00f3n de las Jornadas para el formato presencial<br>&#8211; Persona o Entidad organizadora<br>&#8211; Medios t\u00e9cnicos empleados para el desarrollo de las Jornadas<\/td><\/tr><tr><td class=\"has-text-align-center\" data-align=\"center\"><strong>CATEGORIA<br>C<\/strong><br><br><mark style=\"background-color:rgba(0, 0, 0, 0)\" class=\"has-inline-color has-primary-color\">Norma interna<br>SCF-1003<\/mark><\/td><td class=\"has-text-align-left\" data-align=\"left\">&#8211; Denominaci\u00f3n: Seminario o Taller<br>&#8211; Tipo de formaci\u00f3n: Presencial \/ On line<br>&#8211; T\u00edtulo del ponente (<em>seg\u00fan criterios de la comisi\u00f3n a valorar<\/em>)<br>&#8211; Seminarios y cursos de actualizaci\u00f3n del ponente<br>&#8211; Contenido del curso<\/td><\/tr><\/tbody><\/table><\/figure>\n","protected":false},"excerpt":{"rendered":"<p>FORMACI\u00d3N Certificados de Calidad Categor\u00edas A, B y C En este apartado se explicitan los requerimientos b\u00e1sicos para otorgar,&nbsp;previa solicitud, el Certificado de Calidad en la categor\u00eda correspondiente. La categoria m\u00e1s alta es la A. Las inferiores son la B y la C. &nbsp; &nbsp; &nbsp;Una vez se solicite por la entidad\/persona el&nbsp;Certificado de Calidad&nbsp;y [&hellip;]<\/p>\n","protected":false},"author":2,"featured_media":0,"parent":0,"menu_order":0,"comment_status":"closed","ping_status":"closed","template":"","meta":{"footnotes":""},"class_list":["post-163","page","type-page","status-publish","hentry"],"yoast_head":"<!-- This site is optimized with the Yoast SEO plugin v27.4 - https:\/\/yoast.com\/product\/yoast-seo-wordpress\/ -->\n<title>FORMACI\u00d3N - SCIFORD<\/title>\n<meta name=\"robots\" content=\"index, follow, max-snippet:-1, max-image-preview:large, max-video-preview:-1\" \/>\n<link rel=\"canonical\" href=\"https:\/\/www.sciford.org\/index.php\/formacion\/\" \/>\n<meta property=\"og:locale\" content=\"es_ES\" \/>\n<meta property=\"og:type\" content=\"article\" \/>\n<meta property=\"og:title\" content=\"FORMACI\u00d3N - SCIFORD\" \/>\n<meta property=\"og:description\" content=\"FORMACI\u00d3N Certificados de Calidad Categor\u00edas A, B y C En este apartado se explicitan los requerimientos b\u00e1sicos para otorgar,&nbsp;previa solicitud, el Certificado de Calidad en la categor\u00eda correspondiente. La categoria m\u00e1s alta es la A. Las inferiores son la B y la C. &nbsp; &nbsp; &nbsp;Una vez se solicite por la entidad\/persona el&nbsp;Certificado de Calidad&nbsp;y [&hellip;]\" \/>\n<meta property=\"og:url\" content=\"https:\/\/www.sciford.org\/index.php\/formacion\/\" \/>\n<meta property=\"og:site_name\" content=\"SCIFORD\" \/>\n<meta property=\"article:modified_time\" content=\"2024-09-23T11:24:30+00:00\" \/>\n<meta property=\"og:image\" content=\"https:\/\/www.sciford.org\/wp-content\/uploads\/2024\/04\/cache_2671575-1.jpg\" \/>\n<meta name=\"twitter:card\" content=\"summary_large_image\" \/>\n<meta name=\"twitter:label1\" content=\"Tiempo de lectura\" \/>\n\t<meta name=\"twitter:data1\" content=\"2 minutos\" \/>\n<script type=\"application\/ld+json\" class=\"yoast-schema-graph\">{\"@context\":\"https:\\\/\\\/schema.org\",\"@graph\":[{\"@type\":\"WebPage\",\"@id\":\"https:\\\/\\\/www.sciford.org\\\/index.php\\\/formacion\\\/\",\"url\":\"https:\\\/\\\/www.sciford.org\\\/index.php\\\/formacion\\\/\",\"name\":\"FORMACI\u00d3N - SCIFORD\",\"isPartOf\":{\"@id\":\"https:\\\/\\\/www.sciford.org\\\/#website\"},\"primaryImageOfPage\":{\"@id\":\"https:\\\/\\\/www.sciford.org\\\/index.php\\\/formacion\\\/#primaryimage\"},\"image\":{\"@id\":\"https:\\\/\\\/www.sciford.org\\\/index.php\\\/formacion\\\/#primaryimage\"},\"thumbnailUrl\":\"https:\\\/\\\/www.sciford.org\\\/wp-content\\\/uploads\\\/2024\\\/04\\\/cache_2671575-1.jpg\",\"datePublished\":\"2024-04-11T04:24:02+00:00\",\"dateModified\":\"2024-09-23T11:24:30+00:00\",\"breadcrumb\":{\"@id\":\"https:\\\/\\\/www.sciford.org\\\/index.php\\\/formacion\\\/#breadcrumb\"},\"inLanguage\":\"es\",\"potentialAction\":[{\"@type\":\"ReadAction\",\"target\":[\"https:\\\/\\\/www.sciford.org\\\/index.php\\\/formacion\\\/\"]}]},{\"@type\":\"ImageObject\",\"inLanguage\":\"es\",\"@id\":\"https:\\\/\\\/www.sciford.org\\\/index.php\\\/formacion\\\/#primaryimage\",\"url\":\"https:\\\/\\\/www.sciford.org\\\/wp-content\\\/uploads\\\/2024\\\/04\\\/cache_2671575-1.jpg\",\"contentUrl\":\"https:\\\/\\\/www.sciford.org\\\/wp-content\\\/uploads\\\/2024\\\/04\\\/cache_2671575-1.jpg\",\"width\":196,\"height\":187},{\"@type\":\"BreadcrumbList\",\"@id\":\"https:\\\/\\\/www.sciford.org\\\/index.php\\\/formacion\\\/#breadcrumb\",\"itemListElement\":[{\"@type\":\"ListItem\",\"position\":1,\"name\":\"Portada\",\"item\":\"https:\\\/\\\/www.sciford.org\\\/\"},{\"@type\":\"ListItem\",\"position\":2,\"name\":\"FORMACI\u00d3N\"}]},{\"@type\":\"WebSite\",\"@id\":\"https:\\\/\\\/www.sciford.org\\\/#website\",\"url\":\"https:\\\/\\\/www.sciford.org\\\/\",\"name\":\"SCIFORD\",\"description\":\"Sociedad Cient\u00edfica Internacional de Analistas Forenses en Documentos\",\"publisher\":{\"@id\":\"https:\\\/\\\/www.sciford.org\\\/#organization\"},\"potentialAction\":[{\"@type\":\"SearchAction\",\"target\":{\"@type\":\"EntryPoint\",\"urlTemplate\":\"https:\\\/\\\/www.sciford.org\\\/?s={search_term_string}\"},\"query-input\":{\"@type\":\"PropertyValueSpecification\",\"valueRequired\":true,\"valueName\":\"search_term_string\"}}],\"inLanguage\":\"es\"},{\"@type\":\"Organization\",\"@id\":\"https:\\\/\\\/www.sciford.org\\\/#organization\",\"name\":\"SCIFORD\",\"url\":\"https:\\\/\\\/www.sciford.org\\\/\",\"logo\":{\"@type\":\"ImageObject\",\"inLanguage\":\"es\",\"@id\":\"https:\\\/\\\/www.sciford.org\\\/#\\\/schema\\\/logo\\\/image\\\/\",\"url\":\"https:\\\/\\\/www.sciford.org\\\/wp-content\\\/uploads\\\/2024\\\/04\\\/SCIFORD-ESCUDO_oficial-removebg-preview-1.png\",\"contentUrl\":\"https:\\\/\\\/www.sciford.org\\\/wp-content\\\/uploads\\\/2024\\\/04\\\/SCIFORD-ESCUDO_oficial-removebg-preview-1.png\",\"width\":360,\"height\":522,\"caption\":\"SCIFORD\"},\"image\":{\"@id\":\"https:\\\/\\\/www.sciford.org\\\/#\\\/schema\\\/logo\\\/image\\\/\"}}]}<\/script>\n<!-- \/ Yoast SEO plugin. -->","yoast_head_json":{"title":"FORMACI\u00d3N - SCIFORD","robots":{"index":"index","follow":"follow","max-snippet":"max-snippet:-1","max-image-preview":"max-image-preview:large","max-video-preview":"max-video-preview:-1"},"canonical":"https:\/\/www.sciford.org\/index.php\/formacion\/","og_locale":"es_ES","og_type":"article","og_title":"FORMACI\u00d3N - SCIFORD","og_description":"FORMACI\u00d3N Certificados de Calidad Categor\u00edas A, B y C En este apartado se explicitan los requerimientos b\u00e1sicos para otorgar,&nbsp;previa solicitud, el Certificado de Calidad en la categor\u00eda correspondiente. La categoria m\u00e1s alta es la A. Las inferiores son la B y la C. &nbsp; &nbsp; &nbsp;Una vez se solicite por la entidad\/persona el&nbsp;Certificado de Calidad&nbsp;y [&hellip;]","og_url":"https:\/\/www.sciford.org\/index.php\/formacion\/","og_site_name":"SCIFORD","article_modified_time":"2024-09-23T11:24:30+00:00","og_image":[{"url":"https:\/\/www.sciford.org\/wp-content\/uploads\/2024\/04\/cache_2671575-1.jpg","type":"","width":"","height":""}],"twitter_card":"summary_large_image","twitter_misc":{"Tiempo de lectura":"2 minutos"},"schema":{"@context":"https:\/\/schema.org","@graph":[{"@type":"WebPage","@id":"https:\/\/www.sciford.org\/index.php\/formacion\/","url":"https:\/\/www.sciford.org\/index.php\/formacion\/","name":"FORMACI\u00d3N - SCIFORD","isPartOf":{"@id":"https:\/\/www.sciford.org\/#website"},"primaryImageOfPage":{"@id":"https:\/\/www.sciford.org\/index.php\/formacion\/#primaryimage"},"image":{"@id":"https:\/\/www.sciford.org\/index.php\/formacion\/#primaryimage"},"thumbnailUrl":"https:\/\/www.sciford.org\/wp-content\/uploads\/2024\/04\/cache_2671575-1.jpg","datePublished":"2024-04-11T04:24:02+00:00","dateModified":"2024-09-23T11:24:30+00:00","breadcrumb":{"@id":"https:\/\/www.sciford.org\/index.php\/formacion\/#breadcrumb"},"inLanguage":"es","potentialAction":[{"@type":"ReadAction","target":["https:\/\/www.sciford.org\/index.php\/formacion\/"]}]},{"@type":"ImageObject","inLanguage":"es","@id":"https:\/\/www.sciford.org\/index.php\/formacion\/#primaryimage","url":"https:\/\/www.sciford.org\/wp-content\/uploads\/2024\/04\/cache_2671575-1.jpg","contentUrl":"https:\/\/www.sciford.org\/wp-content\/uploads\/2024\/04\/cache_2671575-1.jpg","width":196,"height":187},{"@type":"BreadcrumbList","@id":"https:\/\/www.sciford.org\/index.php\/formacion\/#breadcrumb","itemListElement":[{"@type":"ListItem","position":1,"name":"Portada","item":"https:\/\/www.sciford.org\/"},{"@type":"ListItem","position":2,"name":"FORMACI\u00d3N"}]},{"@type":"WebSite","@id":"https:\/\/www.sciford.org\/#website","url":"https:\/\/www.sciford.org\/","name":"SCIFORD","description":"Sociedad Cient\u00edfica Internacional de Analistas Forenses en Documentos","publisher":{"@id":"https:\/\/www.sciford.org\/#organization"},"potentialAction":[{"@type":"SearchAction","target":{"@type":"EntryPoint","urlTemplate":"https:\/\/www.sciford.org\/?s={search_term_string}"},"query-input":{"@type":"PropertyValueSpecification","valueRequired":true,"valueName":"search_term_string"}}],"inLanguage":"es"},{"@type":"Organization","@id":"https:\/\/www.sciford.org\/#organization","name":"SCIFORD","url":"https:\/\/www.sciford.org\/","logo":{"@type":"ImageObject","inLanguage":"es","@id":"https:\/\/www.sciford.org\/#\/schema\/logo\/image\/","url":"https:\/\/www.sciford.org\/wp-content\/uploads\/2024\/04\/SCIFORD-ESCUDO_oficial-removebg-preview-1.png","contentUrl":"https:\/\/www.sciford.org\/wp-content\/uploads\/2024\/04\/SCIFORD-ESCUDO_oficial-removebg-preview-1.png","width":360,"height":522,"caption":"SCIFORD"},"image":{"@id":"https:\/\/www.sciford.org\/#\/schema\/logo\/image\/"}}]}},"_links":{"self":[{"href":"https:\/\/www.sciford.org\/index.php\/wp-json\/wp\/v2\/pages\/163","targetHints":{"allow":["GET"]}}],"collection":[{"href":"https:\/\/www.sciford.org\/index.php\/wp-json\/wp\/v2\/pages"}],"about":[{"href":"https:\/\/www.sciford.org\/index.php\/wp-json\/wp\/v2\/types\/page"}],"author":[{"embeddable":true,"href":"https:\/\/www.sciford.org\/index.php\/wp-json\/wp\/v2\/users\/2"}],"replies":[{"embeddable":true,"href":"https:\/\/www.sciford.org\/index.php\/wp-json\/wp\/v2\/comments?post=163"}],"version-history":[{"count":4,"href":"https:\/\/www.sciford.org\/index.php\/wp-json\/wp\/v2\/pages\/163\/revisions"}],"predecessor-version":[{"id":224,"href":"https:\/\/www.sciford.org\/index.php\/wp-json\/wp\/v2\/pages\/163\/revisions\/224"}],"wp:attachment":[{"href":"https:\/\/www.sciford.org\/index.php\/wp-json\/wp\/v2\/media?parent=163"}],"curies":[{"name":"wp","href":"https:\/\/api.w.org\/{rel}","templated":true}]}}