{"id":80,"date":"2024-04-10T16:38:56","date_gmt":"2024-04-10T16:38:56","guid":{"rendered":"https:\/\/www.sciford.org\/?page_id=80"},"modified":"2024-04-11T08:21:04","modified_gmt":"2024-04-11T08:21:04","slug":"certificados-de-calidad","status":"publish","type":"page","link":"https:\/\/www.sciford.org\/index.php\/certificados-de-calidad\/","title":{"rendered":"CERTIFICADOS de CALIDAD"},"content":{"rendered":"\n<h1 class=\"wp-block-heading has-text-align-center\"><strong>CERTIFICADOS de CALIDAD<\/strong><\/h1>\n\n\n\n<figure class=\"wp-block-pullquote has-text-align-center has-medium-font-size\"><blockquote><p>Si usted es un profesional y quiere darle un toque de distinci\u00f3n a sus informes, o bien dispone de un laboratorio o instrumental para poder efectuar pericias con garant\u00eda t\u00e9cnica y cient\u00edfica, solciite la CERTIFICACION de CALIDAD que le ofrece la Sociedad para diferenciarse de otros.<br>&nbsp;&nbsp;&nbsp;&nbsp; Hay tres modalidades de CERTIFICADOS, y cada uno de ellos con 3 categor\u00edas espec\u00edficas para adaptarse a sus necesidades.<br>&nbsp;<br>No dude en consultar las condiciones para solicitar la CERTIFICACI\u00d3N y los requisitos para su obtenci\u00f3n, as\u00ed como las ventajas de estar certificado.<\/p><\/blockquote><\/figure>\n\n\n\n<div class=\"wp-block-columns is-layout-flex wp-container-core-columns-is-layout-28f84493 wp-block-columns-is-layout-flex\">\n<div class=\"wp-block-column is-layout-flow wp-block-column-is-layout-flow\" style=\"flex-basis:100%\">\n<div class=\"wp-block-media-text is-stacked-on-mobile\" style=\"grid-template-columns:15% auto\"><figure class=\"wp-block-media-text__media\"><a href=\"https:\/\/www.sciford.org\/index.php\/laboratorios\/\"><img loading=\"lazy\" decoding=\"async\" width=\"192\" height=\"182\" src=\"https:\/\/www.sciford.org\/wp-content\/uploads\/2024\/04\/cache_3039940.png\" alt=\"\" class=\"wp-image-83 size-full\"\/><\/a><\/figure><div class=\"wp-block-media-text__content\">\n<h3 class=\"wp-block-heading has-text-align-center\"><strong><a href=\"https:\/\/www.sciford.org\/index.php\/laboratorios\/\">INSTRUMENTAL \/ LABORATORIOS<\/a><\/strong><\/h3>\n\n\n\n<p class=\"has-text-align-center has-medium-font-size\">Certifique su instrumental o laboratorio en una de las 3 categor\u00edas disponibles, asegurando una calidad superior en sus informes y asesoramientos\u200b<\/p>\n<\/div><\/div>\n\n\n\n<div class=\"wp-block-media-text is-stacked-on-mobile\" style=\"grid-template-columns:15% auto\"><figure class=\"wp-block-media-text__media\"><a href=\"https:\/\/www.sciford.org\/index.php\/informes-periciales\/\"><img loading=\"lazy\" decoding=\"async\" width=\"183\" height=\"146\" src=\"https:\/\/www.sciford.org\/wp-content\/uploads\/2024\/04\/cache_3075968-2.png\" alt=\"\" class=\"wp-image-86 size-full\"\/><\/a><\/figure><div class=\"wp-block-media-text__content\">\n<h3 class=\"wp-block-heading has-text-align-center\"><strong><a href=\"https:\/\/www.sciford.org\/index.php\/informes-periciales\/\" data-type=\"page\" data-id=\"153\">INFORMES PERICIALES<\/a><\/strong><\/h3>\n\n\n\n<p class=\"has-text-align-center\">Aporte mayor credibilidad y cientificidad a sus informes certific\u00e1ndose con un sello de calidad<\/p>\n<\/div><\/div>\n\n\n\n<div class=\"wp-block-media-text is-stacked-on-mobile\" style=\"grid-template-columns:15% auto\"><figure class=\"wp-block-media-text__media\"><a href=\"https:\/\/www.sciford.org\/index.php\/formacion\/\"><img loading=\"lazy\" decoding=\"async\" width=\"196\" height=\"187\" src=\"https:\/\/www.sciford.org\/wp-content\/uploads\/2024\/04\/cache_2671575.jpg\" alt=\"\" class=\"wp-image-87 size-full\"\/><\/a><\/figure><div class=\"wp-block-media-text__content\">\n<h3 class=\"wp-block-heading has-text-align-center\"><strong><a href=\"https:\/\/www.sciford.org\/index.php\/formacion\/\" data-type=\"page\" data-id=\"163\">FORMACION<\/a><\/strong><\/h3>\n\n\n\n<p class=\"has-text-align-center\">Si imparte cursos\/seminarios, o quiere ampliar la oferta formativa con contenidos de alto impacto profesional,&nbsp;no dude en solicitar una certificaci\u00f3n de calidad en sus procesos formativos<\/p>\n<\/div><\/div>\n<\/div>\n<\/div>\n","protected":false},"excerpt":{"rendered":"<p>CERTIFICADOS de CALIDAD Si usted es un profesional y quiere darle un toque de distinci\u00f3n a sus informes, o bien dispone de un laboratorio o instrumental para poder efectuar pericias con garant\u00eda t\u00e9cnica y cient\u00edfica, solciite la CERTIFICACION de CALIDAD que le ofrece la Sociedad para diferenciarse de otros.&nbsp;&nbsp;&nbsp;&nbsp; Hay tres modalidades de CERTIFICADOS, y [&hellip;]<\/p>\n","protected":false},"author":2,"featured_media":0,"parent":0,"menu_order":0,"comment_status":"closed","ping_status":"closed","template":"","meta":{"footnotes":""},"class_list":["post-80","page","type-page","status-publish","hentry"],"yoast_head":"<!-- This site is optimized with the Yoast SEO plugin v27.4 - https:\/\/yoast.com\/product\/yoast-seo-wordpress\/ -->\n<title>CERTIFICADOS de CALIDAD - SCIFORD<\/title>\n<meta name=\"robots\" content=\"index, follow, max-snippet:-1, max-image-preview:large, max-video-preview:-1\" \/>\n<link rel=\"canonical\" href=\"https:\/\/www.sciford.org\/index.php\/certificados-de-calidad\/\" \/>\n<meta property=\"og:locale\" content=\"es_ES\" \/>\n<meta property=\"og:type\" content=\"article\" \/>\n<meta property=\"og:title\" content=\"CERTIFICADOS de CALIDAD - SCIFORD\" \/>\n<meta property=\"og:description\" content=\"CERTIFICADOS de CALIDAD Si usted es un profesional y quiere darle un toque de distinci\u00f3n a sus informes, o bien dispone de un laboratorio o instrumental para poder efectuar pericias con garant\u00eda t\u00e9cnica y cient\u00edfica, solciite la CERTIFICACION de CALIDAD que le ofrece la Sociedad para diferenciarse de otros.&nbsp;&nbsp;&nbsp;&nbsp; Hay tres modalidades de CERTIFICADOS, y [&hellip;]\" \/>\n<meta property=\"og:url\" content=\"https:\/\/www.sciford.org\/index.php\/certificados-de-calidad\/\" \/>\n<meta property=\"og:site_name\" content=\"SCIFORD\" \/>\n<meta property=\"article:modified_time\" content=\"2024-04-11T08:21:04+00:00\" \/>\n<meta property=\"og:image\" content=\"https:\/\/www.sciford.org\/wp-content\/uploads\/2024\/04\/cache_3039940.png\" \/>\n<meta name=\"twitter:card\" content=\"summary_large_image\" \/>\n<meta name=\"twitter:label1\" content=\"Tiempo de lectura\" \/>\n\t<meta name=\"twitter:data1\" content=\"1 minuto\" \/>\n<script type=\"application\/ld+json\" class=\"yoast-schema-graph\">{\"@context\":\"https:\\\/\\\/schema.org\",\"@graph\":[{\"@type\":\"WebPage\",\"@id\":\"https:\\\/\\\/www.sciford.org\\\/index.php\\\/certificados-de-calidad\\\/\",\"url\":\"https:\\\/\\\/www.sciford.org\\\/index.php\\\/certificados-de-calidad\\\/\",\"name\":\"CERTIFICADOS de CALIDAD - SCIFORD\",\"isPartOf\":{\"@id\":\"https:\\\/\\\/www.sciford.org\\\/#website\"},\"primaryImageOfPage\":{\"@id\":\"https:\\\/\\\/www.sciford.org\\\/index.php\\\/certificados-de-calidad\\\/#primaryimage\"},\"image\":{\"@id\":\"https:\\\/\\\/www.sciford.org\\\/index.php\\\/certificados-de-calidad\\\/#primaryimage\"},\"thumbnailUrl\":\"https:\\\/\\\/www.sciford.org\\\/wp-content\\\/uploads\\\/2024\\\/04\\\/cache_3039940.png\",\"datePublished\":\"2024-04-10T16:38:56+00:00\",\"dateModified\":\"2024-04-11T08:21:04+00:00\",\"breadcrumb\":{\"@id\":\"https:\\\/\\\/www.sciford.org\\\/index.php\\\/certificados-de-calidad\\\/#breadcrumb\"},\"inLanguage\":\"es\",\"potentialAction\":[{\"@type\":\"ReadAction\",\"target\":[\"https:\\\/\\\/www.sciford.org\\\/index.php\\\/certificados-de-calidad\\\/\"]}]},{\"@type\":\"ImageObject\",\"inLanguage\":\"es\",\"@id\":\"https:\\\/\\\/www.sciford.org\\\/index.php\\\/certificados-de-calidad\\\/#primaryimage\",\"url\":\"https:\\\/\\\/www.sciford.org\\\/wp-content\\\/uploads\\\/2024\\\/04\\\/cache_3039940.png\",\"contentUrl\":\"https:\\\/\\\/www.sciford.org\\\/wp-content\\\/uploads\\\/2024\\\/04\\\/cache_3039940.png\",\"width\":192,\"height\":182},{\"@type\":\"BreadcrumbList\",\"@id\":\"https:\\\/\\\/www.sciford.org\\\/index.php\\\/certificados-de-calidad\\\/#breadcrumb\",\"itemListElement\":[{\"@type\":\"ListItem\",\"position\":1,\"name\":\"Portada\",\"item\":\"https:\\\/\\\/www.sciford.org\\\/\"},{\"@type\":\"ListItem\",\"position\":2,\"name\":\"CERTIFICADOS de CALIDAD\"}]},{\"@type\":\"WebSite\",\"@id\":\"https:\\\/\\\/www.sciford.org\\\/#website\",\"url\":\"https:\\\/\\\/www.sciford.org\\\/\",\"name\":\"SCIFORD\",\"description\":\"Sociedad Cient\u00edfica Internacional de Analistas Forenses en Documentos\",\"publisher\":{\"@id\":\"https:\\\/\\\/www.sciford.org\\\/#organization\"},\"potentialAction\":[{\"@type\":\"SearchAction\",\"target\":{\"@type\":\"EntryPoint\",\"urlTemplate\":\"https:\\\/\\\/www.sciford.org\\\/?s={search_term_string}\"},\"query-input\":{\"@type\":\"PropertyValueSpecification\",\"valueRequired\":true,\"valueName\":\"search_term_string\"}}],\"inLanguage\":\"es\"},{\"@type\":\"Organization\",\"@id\":\"https:\\\/\\\/www.sciford.org\\\/#organization\",\"name\":\"SCIFORD\",\"url\":\"https:\\\/\\\/www.sciford.org\\\/\",\"logo\":{\"@type\":\"ImageObject\",\"inLanguage\":\"es\",\"@id\":\"https:\\\/\\\/www.sciford.org\\\/#\\\/schema\\\/logo\\\/image\\\/\",\"url\":\"https:\\\/\\\/www.sciford.org\\\/wp-content\\\/uploads\\\/2024\\\/04\\\/SCIFORD-ESCUDO_oficial-removebg-preview-1.png\",\"contentUrl\":\"https:\\\/\\\/www.sciford.org\\\/wp-content\\\/uploads\\\/2024\\\/04\\\/SCIFORD-ESCUDO_oficial-removebg-preview-1.png\",\"width\":360,\"height\":522,\"caption\":\"SCIFORD\"},\"image\":{\"@id\":\"https:\\\/\\\/www.sciford.org\\\/#\\\/schema\\\/logo\\\/image\\\/\"}}]}<\/script>\n<!-- \/ Yoast SEO plugin. -->","yoast_head_json":{"title":"CERTIFICADOS de CALIDAD - SCIFORD","robots":{"index":"index","follow":"follow","max-snippet":"max-snippet:-1","max-image-preview":"max-image-preview:large","max-video-preview":"max-video-preview:-1"},"canonical":"https:\/\/www.sciford.org\/index.php\/certificados-de-calidad\/","og_locale":"es_ES","og_type":"article","og_title":"CERTIFICADOS de CALIDAD - SCIFORD","og_description":"CERTIFICADOS de CALIDAD Si usted es un profesional y quiere darle un toque de distinci\u00f3n a sus informes, o bien dispone de un laboratorio o instrumental para poder efectuar pericias con garant\u00eda t\u00e9cnica y cient\u00edfica, solciite la CERTIFICACION de CALIDAD que le ofrece la Sociedad para diferenciarse de otros.&nbsp;&nbsp;&nbsp;&nbsp; Hay tres modalidades de CERTIFICADOS, y [&hellip;]","og_url":"https:\/\/www.sciford.org\/index.php\/certificados-de-calidad\/","og_site_name":"SCIFORD","article_modified_time":"2024-04-11T08:21:04+00:00","og_image":[{"url":"https:\/\/www.sciford.org\/wp-content\/uploads\/2024\/04\/cache_3039940.png","type":"","width":"","height":""}],"twitter_card":"summary_large_image","twitter_misc":{"Tiempo de lectura":"1 minuto"},"schema":{"@context":"https:\/\/schema.org","@graph":[{"@type":"WebPage","@id":"https:\/\/www.sciford.org\/index.php\/certificados-de-calidad\/","url":"https:\/\/www.sciford.org\/index.php\/certificados-de-calidad\/","name":"CERTIFICADOS de CALIDAD - SCIFORD","isPartOf":{"@id":"https:\/\/www.sciford.org\/#website"},"primaryImageOfPage":{"@id":"https:\/\/www.sciford.org\/index.php\/certificados-de-calidad\/#primaryimage"},"image":{"@id":"https:\/\/www.sciford.org\/index.php\/certificados-de-calidad\/#primaryimage"},"thumbnailUrl":"https:\/\/www.sciford.org\/wp-content\/uploads\/2024\/04\/cache_3039940.png","datePublished":"2024-04-10T16:38:56+00:00","dateModified":"2024-04-11T08:21:04+00:00","breadcrumb":{"@id":"https:\/\/www.sciford.org\/index.php\/certificados-de-calidad\/#breadcrumb"},"inLanguage":"es","potentialAction":[{"@type":"ReadAction","target":["https:\/\/www.sciford.org\/index.php\/certificados-de-calidad\/"]}]},{"@type":"ImageObject","inLanguage":"es","@id":"https:\/\/www.sciford.org\/index.php\/certificados-de-calidad\/#primaryimage","url":"https:\/\/www.sciford.org\/wp-content\/uploads\/2024\/04\/cache_3039940.png","contentUrl":"https:\/\/www.sciford.org\/wp-content\/uploads\/2024\/04\/cache_3039940.png","width":192,"height":182},{"@type":"BreadcrumbList","@id":"https:\/\/www.sciford.org\/index.php\/certificados-de-calidad\/#breadcrumb","itemListElement":[{"@type":"ListItem","position":1,"name":"Portada","item":"https:\/\/www.sciford.org\/"},{"@type":"ListItem","position":2,"name":"CERTIFICADOS de CALIDAD"}]},{"@type":"WebSite","@id":"https:\/\/www.sciford.org\/#website","url":"https:\/\/www.sciford.org\/","name":"SCIFORD","description":"Sociedad Cient\u00edfica Internacional de Analistas Forenses en Documentos","publisher":{"@id":"https:\/\/www.sciford.org\/#organization"},"potentialAction":[{"@type":"SearchAction","target":{"@type":"EntryPoint","urlTemplate":"https:\/\/www.sciford.org\/?s={search_term_string}"},"query-input":{"@type":"PropertyValueSpecification","valueRequired":true,"valueName":"search_term_string"}}],"inLanguage":"es"},{"@type":"Organization","@id":"https:\/\/www.sciford.org\/#organization","name":"SCIFORD","url":"https:\/\/www.sciford.org\/","logo":{"@type":"ImageObject","inLanguage":"es","@id":"https:\/\/www.sciford.org\/#\/schema\/logo\/image\/","url":"https:\/\/www.sciford.org\/wp-content\/uploads\/2024\/04\/SCIFORD-ESCUDO_oficial-removebg-preview-1.png","contentUrl":"https:\/\/www.sciford.org\/wp-content\/uploads\/2024\/04\/SCIFORD-ESCUDO_oficial-removebg-preview-1.png","width":360,"height":522,"caption":"SCIFORD"},"image":{"@id":"https:\/\/www.sciford.org\/#\/schema\/logo\/image\/"}}]}},"_links":{"self":[{"href":"https:\/\/www.sciford.org\/index.php\/wp-json\/wp\/v2\/pages\/80","targetHints":{"allow":["GET"]}}],"collection":[{"href":"https:\/\/www.sciford.org\/index.php\/wp-json\/wp\/v2\/pages"}],"about":[{"href":"https:\/\/www.sciford.org\/index.php\/wp-json\/wp\/v2\/types\/page"}],"author":[{"embeddable":true,"href":"https:\/\/www.sciford.org\/index.php\/wp-json\/wp\/v2\/users\/2"}],"replies":[{"embeddable":true,"href":"https:\/\/www.sciford.org\/index.php\/wp-json\/wp\/v2\/comments?post=80"}],"version-history":[{"count":8,"href":"https:\/\/www.sciford.org\/index.php\/wp-json\/wp\/v2\/pages\/80\/revisions"}],"predecessor-version":[{"id":194,"href":"https:\/\/www.sciford.org\/index.php\/wp-json\/wp\/v2\/pages\/80\/revisions\/194"}],"wp:attachment":[{"href":"https:\/\/www.sciford.org\/index.php\/wp-json\/wp\/v2\/media?parent=80"}],"curies":[{"name":"wp","href":"https:\/\/api.w.org\/{rel}","templated":true}]}}